{"id":3430,"date":"2025-03-06T11:26:07","date_gmt":"2025-03-06T10:26:07","guid":{"rendered":"https:\/\/traildugrandgeneve.com\/?page_id=3430"},"modified":"2026-02-09T22:41:12","modified_gmt":"2026-02-09T21:41:12","slug":"enterprise","status":"publish","type":"page","link":"https:\/\/traildugrandgeneve.com\/index.php\/enterprise\/","title":{"rendered":"Entreprises"},"content":{"rendered":"<div id='av_section_1'  class='avia-section av-m7vlvqtj-0d06c6a2971a9ed5d7efe1c18a6d07d3 main_color avia-section-default avia-no-border-styling  avia-builder-el-0  el_before_av_section  avia-builder-el-first  avia-bg-style-scroll av-minimum-height av-minimum-height-30 av-height-percent  container_wrap sidebar_right'   data-av_minimum_height_pc='30' data-av_min_height_opt='percent'><div class='container av-section-cont-open' ><main  role=\"main\" itemprop=\"mainContentOfPage\"  class='template-page content  av-content-small alpha units'><div class='post-entry post-entry-type-page post-entry-3430'><div class='entry-content-wrapper clearfix'>\n<div class='flex_column_table av-m7vm2eoz-0b078857870bb1b644f60e17a5d683e2 sc-av_one_full av-equal-height-column-flextable'>\n<style type=\"text\/css\" data-created_by=\"avia_inline_auto\" id=\"style-css-av-m7vm2eoz-0b078857870bb1b644f60e17a5d683e2\">\n.flex_column.av-m7vm2eoz-0b078857870bb1b644f60e17a5d683e2{\nborder-radius:8px 8px 8px 8px;\nbackground:url(https:\/\/traildugrandgeneve.com\/wp-content\/uploads\/2025\/04\/jacob-guse-qowxhCdFgg-unsplash-1030x678.jpg) 50% 50% no-repeat scroll ;\n}\n<\/style>\n<div  class='flex_column av-m7vm2eoz-0b078857870bb1b644f60e17a5d683e2 av_one_full  avia-builder-el-1  avia-builder-el-no-sibling  first flex_column_table_cell av-equal-height-column av-align-bottom av-column-min-height-pc avia-full-stretch  '  data-av-column-min-height=\"{&quot;column-min-pc&quot;:&quot;100%&quot;,&quot;column-equal-height&quot;:true}\"   ><style type=\"text\/css\" data-created_by=\"avia_inline_auto\" id=\"style-css-av-m7x4ek2z-c8ae9ae986c044923056614b4496d032\">\n#top .av-special-heading.av-m7x4ek2z-c8ae9ae986c044923056614b4496d032{\npadding-bottom:10px;\ncolor:#ffffff;\n}\nbody .av-special-heading.av-m7x4ek2z-c8ae9ae986c044923056614b4496d032 .av-special-heading-tag .heading-char{\nfont-size:25px;\n}\n#top #wrap_all .av-special-heading.av-m7x4ek2z-c8ae9ae986c044923056614b4496d032 .av-special-heading-tag{\npadding:20px 40px 20px 20px;\n}\n.av-special-heading.av-m7x4ek2z-c8ae9ae986c044923056614b4496d032 .special-heading-inner-border{\nborder-color:#ffffff;\n}\n.av-special-heading.av-m7x4ek2z-c8ae9ae986c044923056614b4496d032 .av-subheading{\nfont-size:15px;\n}\n<\/style>\n<div  class='av-special-heading av-m7x4ek2z-c8ae9ae986c044923056614b4496d032 av-special-heading-h1 custom-color-heading  avia-builder-el-2  avia-builder-el-no-sibling '><h1 class='av-special-heading-tag '  itemprop=\"headline\"  >Entreprises<\/h1><div class=\"special-heading-border\"><div class=\"special-heading-inner-border\"><\/div><\/div><\/div><\/div><\/div><!--close column table wrapper. Autoclose: 1 -->\n\n<\/div><\/div><\/main><!-- close content main element --><\/div><\/div><div id='av_section_2'  class='avia-section av-se08e-b28f29e7849fa3ce0a4f4feb2302da97 main_color avia-section-default avia-no-border-styling  avia-builder-el-3  el_after_av_section  avia-builder-el-last  avia-bg-style-scroll container_wrap sidebar_right'  ><div class='container av-section-cont-open' ><div class='template-page content  av-content-small alpha units'><div class='post-entry post-entry-type-page post-entry-3430'><div class='entry-content-wrapper clearfix'>\n<div class='flex_column_table av-keciu-713b747d5700fb05c4ca450b07c9b402 sc-av_one_full av-equal-height-column-flextable'><div  class='flex_column av-keciu-713b747d5700fb05c4ca450b07c9b402 av_one_full  avia-builder-el-4  avia-builder-el-no-sibling  first flex_column_table_cell av-equal-height-column av-align-middle  '     ><p>\n<style type=\"text\/css\" data-created_by=\"avia_inline_auto\" id=\"style-css-av-m7vn7i8t-371fb50e43e7e6a0fbad48474011a882\">\n#top .av-special-heading.av-m7vn7i8t-371fb50e43e7e6a0fbad48474011a882{\npadding-bottom:10px;\ncolor:#ff5c21;\n}\nbody .av-special-heading.av-m7vn7i8t-371fb50e43e7e6a0fbad48474011a882 .av-special-heading-tag .heading-char{\nfont-size:25px;\n}\n.av-special-heading.av-m7vn7i8t-371fb50e43e7e6a0fbad48474011a882 .special-heading-inner-border{\nborder-color:#ff5c21;\n}\n.av-special-heading.av-m7vn7i8t-371fb50e43e7e6a0fbad48474011a882 .av-subheading{\nfont-size:15px;\n}\n<\/style>\n<div  class='av-special-heading av-m7vn7i8t-371fb50e43e7e6a0fbad48474011a882 av-special-heading-h1 custom-color-heading blockquote modern-quote modern-centered  avia-builder-el-5  el_before_av_hr  avia-builder-el-first '><h1 class='av-special-heading-tag '  itemprop=\"headline\"  >Challenge entreprise : les meilleures exp\u00e9riences sont celles que l\u2019on partage<\/h1><div class=\"special-heading-border\"><div class=\"special-heading-inner-border\"><\/div><\/div><\/div><br \/>\n\n<style type=\"text\/css\" data-created_by=\"avia_inline_auto\" id=\"style-css-av-h7c3a-81e92b24a3bdaf0401de7e271dd4e9ca\">\n#top .hr.hr-invisible.av-h7c3a-81e92b24a3bdaf0401de7e271dd4e9ca{\nheight:50px;\n}\n<\/style>\n<div  class='hr av-h7c3a-81e92b24a3bdaf0401de7e271dd4e9ca hr-invisible  avia-builder-el-6  el_after_av_heading  el_before_av_textblock '><span class='hr-inner '><span class=\"hr-inner-style\"><\/span><\/span><\/div><br \/>\n<section  class='av_textblock_section av-m7vn83l9-08b1d658147456632bf6a632b09ac1c6 '   itemscope=\"itemscope\" itemtype=\"https:\/\/schema.org\/CreativeWork\" ><div class='avia_textblock'  itemprop=\"text\" ><p><span style=\"font-weight: 400;\">Vous souhaitez renforcer l&rsquo;esprit d&rsquo;\u00e9quipe tout en partageant un moment sportif m\u00e9morables ? Cr\u00e9ez votre groupe de coureurs et participez ensemble aux nombreuses courses propos\u00e9es !\u00a0<\/span><\/p>\n<p><span style=\"font-weight: 400;\">Vous n&rsquo;avez plus qu&rsquo;\u00e0 enfiler vos baskets\u00a0!<\/span><\/p>\n<h2>Package entreprise sur les \u00e9preuves relais<\/h2>\n<h3>Une exp\u00e9rience renforc\u00e9e<\/h3>\n<ul>\n<li>Acc\u00e8s \u00e0 l&rsquo;espace VIP pour partager ensemble les moments forts de la course<\/li>\n<\/ul>\n<h3>Plus de visibilit\u00e9 pour votre entreprise<\/h3>\n<ul>\n<li>Des photos de votre groupe \u00e0 diffuser sur les r\u00e9seaux sociaux (ou pas !)<\/li>\n<li>Dossards au nom de l&rsquo;entreprise<\/li>\n<li>Acc\u00e8s au classement inter-entreprises et \u00e0 la communication associ\u00e9e<\/li>\n<\/ul>\n<h3>Simplicit\u00e9<\/h3>\n<ul>\n<li>Inscription centralis\u00e9e \u00e0 partir de 10 collaborateurs<\/li>\n<li>Retrait group\u00e9 des dossards<\/li>\n<li>Paiement unique sur facture<\/li>\n<\/ul>\n<p style=\"text-align: center;\"><b>Plus d\u2019information &gt; cliquer pour envoyer un mail \u00e0 inscription@runningeneva.ch<\/b><\/p>\n<\/div><\/section><\/p><\/div><\/div><!--close column table wrapper. Autoclose: 1 --><\/div><\/div><\/div><!-- close content main div --><\/div><\/div><div id='after_section_2'  class='main_color av_default_container_wrap container_wrap sidebar_right'  ><div class='container av-section-cont-open' ><div class='template-page content  av-content-small alpha units'><div class='post-entry post-entry-type-page post-entry-3430'><div class='entry-content-wrapper clearfix'>\n","protected":false},"excerpt":{"rendered":"<p>This is a Page excerpt. It will be displayed for search results<\/p>\n","protected":false},"author":1,"featured_media":0,"parent":0,"menu_order":0,"comment_status":"open","ping_status":"open","template":"","meta":{"footnotes":""},"class_list":["post-3430","page","type-page","status-publish","hentry"],"yoast_head":"<!-- This site is optimized with the Yoast SEO plugin v24.6 - https:\/\/yoast.com\/wordpress\/plugins\/seo\/ -->\n<title>Entreprises - Trail du Grand Gen\u00e8ve<\/title>\n<meta name=\"robots\" content=\"index, follow, max-snippet:-1, max-image-preview:large, max-video-preview:-1\" \/>\n<link rel=\"canonical\" href=\"https:\/\/traildugrandgeneve.com\/index.php\/enterprise\/\" \/>\n<meta property=\"og:locale\" content=\"fr_FR\" \/>\n<meta property=\"og:type\" content=\"article\" \/>\n<meta property=\"og:title\" content=\"Entreprises - Trail du Grand Gen\u00e8ve\" \/>\n<meta property=\"og:description\" content=\"This is a Page excerpt. It will be displayed for search results\" \/>\n<meta property=\"og:url\" content=\"https:\/\/traildugrandgeneve.com\/index.php\/enterprise\/\" \/>\n<meta property=\"og:site_name\" content=\"Trail du Grand Gen\u00e8ve\" \/>\n<meta property=\"article:modified_time\" content=\"2026-02-09T21:41:12+00:00\" \/>\n<meta name=\"twitter:card\" content=\"summary_large_image\" \/>\n<meta name=\"twitter:label1\" content=\"Dur\u00e9e de lecture estim\u00e9e\" \/>\n\t<meta name=\"twitter:data1\" content=\"1 minute\" \/>\n<script type=\"application\/ld+json\" class=\"yoast-schema-graph\">{\"@context\":\"https:\/\/schema.org\",\"@graph\":[{\"@type\":\"WebPage\",\"@id\":\"https:\/\/traildugrandgeneve.com\/index.php\/enterprise\/\",\"url\":\"https:\/\/traildugrandgeneve.com\/index.php\/enterprise\/\",\"name\":\"Entreprises - Trail du Grand Gen\u00e8ve\",\"isPartOf\":{\"@id\":\"https:\/\/traildugrandgeneve.com\/#website\"},\"datePublished\":\"2025-03-06T10:26:07+00:00\",\"dateModified\":\"2026-02-09T21:41:12+00:00\",\"breadcrumb\":{\"@id\":\"https:\/\/traildugrandgeneve.com\/index.php\/enterprise\/#breadcrumb\"},\"inLanguage\":\"fr-FR\",\"potentialAction\":[{\"@type\":\"ReadAction\",\"target\":[\"https:\/\/traildugrandgeneve.com\/index.php\/enterprise\/\"]}]},{\"@type\":\"BreadcrumbList\",\"@id\":\"https:\/\/traildugrandgeneve.com\/index.php\/enterprise\/#breadcrumb\",\"itemListElement\":[{\"@type\":\"ListItem\",\"position\":1,\"name\":\"Accueil\",\"item\":\"https:\/\/traildugrandgeneve.com\/index.php\/home\/\"},{\"@type\":\"ListItem\",\"position\":2,\"name\":\"Entreprises\"}]},{\"@type\":\"WebSite\",\"@id\":\"https:\/\/traildugrandgeneve.com\/#website\",\"url\":\"https:\/\/traildugrandgeneve.com\/\",\"name\":\"Trail du Grand Gen\u00e8ve\",\"description\":\"\",\"publisher\":{\"@id\":\"https:\/\/traildugrandgeneve.com\/#organization\"},\"potentialAction\":[{\"@type\":\"SearchAction\",\"target\":{\"@type\":\"EntryPoint\",\"urlTemplate\":\"https:\/\/traildugrandgeneve.com\/?s={search_term_string}\"},\"query-input\":{\"@type\":\"PropertyValueSpecification\",\"valueRequired\":true,\"valueName\":\"search_term_string\"}}],\"inLanguage\":\"fr-FR\"},{\"@type\":\"Organization\",\"@id\":\"https:\/\/traildugrandgeneve.com\/#organization\",\"name\":\"Trail du Grand Gen\u00e8ve\",\"url\":\"https:\/\/traildugrandgeneve.com\/\",\"logo\":{\"@type\":\"ImageObject\",\"inLanguage\":\"fr-FR\",\"@id\":\"https:\/\/traildugrandgeneve.com\/#\/schema\/logo\/image\/\",\"url\":\"https:\/\/traildugrandgeneve.com\/wp-content\/uploads\/2025\/03\/Frame-1.png\",\"contentUrl\":\"https:\/\/traildugrandgeneve.com\/wp-content\/uploads\/2025\/03\/Frame-1.png\",\"width\":320,\"height\":154,\"caption\":\"Trail du Grand Gen\u00e8ve\"},\"image\":{\"@id\":\"https:\/\/traildugrandgeneve.com\/#\/schema\/logo\/image\/\"}}]}<\/script>\n<!-- \/ Yoast SEO plugin. -->","yoast_head_json":{"title":"Entreprises - Trail du Grand Gen\u00e8ve","robots":{"index":"index","follow":"follow","max-snippet":"max-snippet:-1","max-image-preview":"max-image-preview:large","max-video-preview":"max-video-preview:-1"},"canonical":"https:\/\/traildugrandgeneve.com\/index.php\/enterprise\/","og_locale":"fr_FR","og_type":"article","og_title":"Entreprises - Trail du Grand Gen\u00e8ve","og_description":"This is a Page excerpt. It will be displayed for search results","og_url":"https:\/\/traildugrandgeneve.com\/index.php\/enterprise\/","og_site_name":"Trail du Grand Gen\u00e8ve","article_modified_time":"2026-02-09T21:41:12+00:00","twitter_card":"summary_large_image","twitter_misc":{"Dur\u00e9e de lecture estim\u00e9e":"1 minute"},"schema":{"@context":"https:\/\/schema.org","@graph":[{"@type":"WebPage","@id":"https:\/\/traildugrandgeneve.com\/index.php\/enterprise\/","url":"https:\/\/traildugrandgeneve.com\/index.php\/enterprise\/","name":"Entreprises - Trail du Grand Gen\u00e8ve","isPartOf":{"@id":"https:\/\/traildugrandgeneve.com\/#website"},"datePublished":"2025-03-06T10:26:07+00:00","dateModified":"2026-02-09T21:41:12+00:00","breadcrumb":{"@id":"https:\/\/traildugrandgeneve.com\/index.php\/enterprise\/#breadcrumb"},"inLanguage":"fr-FR","potentialAction":[{"@type":"ReadAction","target":["https:\/\/traildugrandgeneve.com\/index.php\/enterprise\/"]}]},{"@type":"BreadcrumbList","@id":"https:\/\/traildugrandgeneve.com\/index.php\/enterprise\/#breadcrumb","itemListElement":[{"@type":"ListItem","position":1,"name":"Accueil","item":"https:\/\/traildugrandgeneve.com\/index.php\/home\/"},{"@type":"ListItem","position":2,"name":"Entreprises"}]},{"@type":"WebSite","@id":"https:\/\/traildugrandgeneve.com\/#website","url":"https:\/\/traildugrandgeneve.com\/","name":"Trail du Grand Gen\u00e8ve","description":"","publisher":{"@id":"https:\/\/traildugrandgeneve.com\/#organization"},"potentialAction":[{"@type":"SearchAction","target":{"@type":"EntryPoint","urlTemplate":"https:\/\/traildugrandgeneve.com\/?s={search_term_string}"},"query-input":{"@type":"PropertyValueSpecification","valueRequired":true,"valueName":"search_term_string"}}],"inLanguage":"fr-FR"},{"@type":"Organization","@id":"https:\/\/traildugrandgeneve.com\/#organization","name":"Trail du Grand Gen\u00e8ve","url":"https:\/\/traildugrandgeneve.com\/","logo":{"@type":"ImageObject","inLanguage":"fr-FR","@id":"https:\/\/traildugrandgeneve.com\/#\/schema\/logo\/image\/","url":"https:\/\/traildugrandgeneve.com\/wp-content\/uploads\/2025\/03\/Frame-1.png","contentUrl":"https:\/\/traildugrandgeneve.com\/wp-content\/uploads\/2025\/03\/Frame-1.png","width":320,"height":154,"caption":"Trail du Grand Gen\u00e8ve"},"image":{"@id":"https:\/\/traildugrandgeneve.com\/#\/schema\/logo\/image\/"}}]}},"_links":{"self":[{"href":"https:\/\/traildugrandgeneve.com\/index.php\/wp-json\/wp\/v2\/pages\/3430","targetHints":{"allow":["GET"]}}],"collection":[{"href":"https:\/\/traildugrandgeneve.com\/index.php\/wp-json\/wp\/v2\/pages"}],"about":[{"href":"https:\/\/traildugrandgeneve.com\/index.php\/wp-json\/wp\/v2\/types\/page"}],"author":[{"embeddable":true,"href":"https:\/\/traildugrandgeneve.com\/index.php\/wp-json\/wp\/v2\/users\/1"}],"replies":[{"embeddable":true,"href":"https:\/\/traildugrandgeneve.com\/index.php\/wp-json\/wp\/v2\/comments?post=3430"}],"version-history":[{"count":10,"href":"https:\/\/traildugrandgeneve.com\/index.php\/wp-json\/wp\/v2\/pages\/3430\/revisions"}],"predecessor-version":[{"id":4067,"href":"https:\/\/traildugrandgeneve.com\/index.php\/wp-json\/wp\/v2\/pages\/3430\/revisions\/4067"}],"wp:attachment":[{"href":"https:\/\/traildugrandgeneve.com\/index.php\/wp-json\/wp\/v2\/media?parent=3430"}],"curies":[{"name":"wp","href":"https:\/\/api.w.org\/{rel}","templated":true}]}}