{"id":3529,"date":"2025-03-07T17:18:24","date_gmt":"2025-03-07T16:18:24","guid":{"rendered":"https:\/\/traildugrandgeneve.com\/?page_id=3529"},"modified":"2025-04-10T12:29:12","modified_gmt":"2025-04-10T10:29:12","slug":"contact","status":"publish","type":"page","link":"https:\/\/traildugrandgeneve.com\/index.php\/contact\/","title":{"rendered":"Contact"},"content":{"rendered":"<div id='av_section_1'  class='avia-section av-m7vlvqtj-0d06c6a2971a9ed5d7efe1c18a6d07d3 main_color avia-section-default avia-no-border-styling  avia-builder-el-0  el_before_av_section  avia-builder-el-first  avia-bg-style-scroll av-minimum-height av-minimum-height-30 av-height-percent  container_wrap sidebar_right'   data-av_minimum_height_pc='30' data-av_min_height_opt='percent'><div class='container av-section-cont-open' ><main  role=\"main\" itemprop=\"mainContentOfPage\"  class='template-page content  av-content-small alpha units'><div class='post-entry post-entry-type-page post-entry-3529'><div class='entry-content-wrapper clearfix'>\n<div class='flex_column_table av-m7vm2eoz-b2fb642848886392c86960a76ffe2366 sc-av_one_full av-equal-height-column-flextable'>\n<style type=\"text\/css\" data-created_by=\"avia_inline_auto\" id=\"style-css-av-m7vm2eoz-b2fb642848886392c86960a76ffe2366\">\n.flex_column.av-m7vm2eoz-b2fb642848886392c86960a76ffe2366{\nborder-radius:8px 8px 8px 8px;\nbackground:url(https:\/\/traildugrandgeneve.com\/wp-content\/uploads\/2025\/03\/B_14279-1-2-scaled.jpg) 50% 50% no-repeat scroll ;\n}\n<\/style>\n<div  class='flex_column av-m7vm2eoz-b2fb642848886392c86960a76ffe2366 av_one_full  avia-builder-el-1  avia-builder-el-no-sibling  first flex_column_table_cell av-equal-height-column av-align-bottom av-column-min-height-pc  '  data-av-column-min-height=\"{&quot;column-min-pc&quot;:&quot;100%&quot;,&quot;column-equal-height&quot;:true}\"   ><style type=\"text\/css\" data-created_by=\"avia_inline_auto\" id=\"style-css-av-m7x4ek2z-3b5f080815296a6e071a979edc51c5c5\">\n#top .av-special-heading.av-m7x4ek2z-3b5f080815296a6e071a979edc51c5c5{\npadding-bottom:10px;\ncolor:#ffffff;\n}\nbody .av-special-heading.av-m7x4ek2z-3b5f080815296a6e071a979edc51c5c5 .av-special-heading-tag .heading-char{\nfont-size:25px;\n}\n#top #wrap_all .av-special-heading.av-m7x4ek2z-3b5f080815296a6e071a979edc51c5c5 .av-special-heading-tag{\npadding:20px 40px 20px 20px;\n}\n.av-special-heading.av-m7x4ek2z-3b5f080815296a6e071a979edc51c5c5 .special-heading-inner-border{\nborder-color:#ffffff;\n}\n.av-special-heading.av-m7x4ek2z-3b5f080815296a6e071a979edc51c5c5 .av-subheading{\nfont-size:15px;\n}\n<\/style>\n<div  class='av-special-heading av-m7x4ek2z-3b5f080815296a6e071a979edc51c5c5 av-special-heading-h1 custom-color-heading  avia-builder-el-2  avia-builder-el-no-sibling '><h1 class='av-special-heading-tag '  itemprop=\"headline\"  >Contact<\/h1><div class=\"special-heading-border\"><div class=\"special-heading-inner-border\"><\/div><\/div><\/div><\/div><\/div><!--close column table wrapper. Autoclose: 1 -->\n\n<\/div><\/div><\/main><!-- close content main element --><\/div><\/div><div id='av_section_2'  class='avia-section av-se08e-b28f29e7849fa3ce0a4f4feb2302da97 main_color avia-section-default avia-no-border-styling  avia-builder-el-3  el_after_av_section  avia-builder-el-last  avia-bg-style-scroll container_wrap sidebar_right'  ><div class='container av-section-cont-open' ><div class='template-page content  av-content-small alpha units'><div class='post-entry post-entry-type-page post-entry-3529'><div class='entry-content-wrapper clearfix'>\n\n<\/div><\/div><\/div><!-- close content main div --><\/div><\/div><div id='after_section_2'  class='main_color av_default_container_wrap container_wrap sidebar_right'  ><div class='container av-section-cont-open' ><div class='template-page content  av-content-small alpha units'><div class='post-entry post-entry-type-page post-entry-3529'><div class='entry-content-wrapper clearfix'>\n","protected":false},"excerpt":{"rendered":"<p>This is a Page excerpt. It will be displayed for search results<\/p>\n","protected":false},"author":1,"featured_media":0,"parent":0,"menu_order":0,"comment_status":"open","ping_status":"open","template":"","meta":{"footnotes":""},"class_list":["post-3529","page","type-page","status-publish","hentry"],"yoast_head":"<!-- This site is optimized with the Yoast SEO plugin v24.6 - https:\/\/yoast.com\/wordpress\/plugins\/seo\/ -->\n<title>Contact - Trail du Grand Gen\u00e8ve<\/title>\n<meta name=\"robots\" content=\"index, follow, max-snippet:-1, max-image-preview:large, max-video-preview:-1\" \/>\n<link rel=\"canonical\" href=\"https:\/\/traildugrandgeneve.com\/index.php\/contact\/\" \/>\n<meta property=\"og:locale\" content=\"fr_FR\" \/>\n<meta property=\"og:type\" content=\"article\" \/>\n<meta property=\"og:title\" content=\"Contact - Trail du Grand Gen\u00e8ve\" \/>\n<meta property=\"og:description\" content=\"This is a Page excerpt. It will be displayed for search results\" \/>\n<meta property=\"og:url\" content=\"https:\/\/traildugrandgeneve.com\/index.php\/contact\/\" \/>\n<meta property=\"og:site_name\" content=\"Trail du Grand Gen\u00e8ve\" \/>\n<meta property=\"article:modified_time\" content=\"2025-04-10T10:29:12+00:00\" \/>\n<meta name=\"twitter:card\" content=\"summary_large_image\" \/>\n<meta name=\"twitter:label1\" content=\"Dur\u00e9e de lecture estim\u00e9e\" \/>\n\t<meta name=\"twitter:data1\" content=\"1 minute\" \/>\n<script type=\"application\/ld+json\" class=\"yoast-schema-graph\">{\"@context\":\"https:\/\/schema.org\",\"@graph\":[{\"@type\":\"WebPage\",\"@id\":\"https:\/\/traildugrandgeneve.com\/index.php\/contact\/\",\"url\":\"https:\/\/traildugrandgeneve.com\/index.php\/contact\/\",\"name\":\"Contact - Trail du Grand Gen\u00e8ve\",\"isPartOf\":{\"@id\":\"https:\/\/traildugrandgeneve.com\/#website\"},\"datePublished\":\"2025-03-07T16:18:24+00:00\",\"dateModified\":\"2025-04-10T10:29:12+00:00\",\"breadcrumb\":{\"@id\":\"https:\/\/traildugrandgeneve.com\/index.php\/contact\/#breadcrumb\"},\"inLanguage\":\"fr-FR\",\"potentialAction\":[{\"@type\":\"ReadAction\",\"target\":[\"https:\/\/traildugrandgeneve.com\/index.php\/contact\/\"]}]},{\"@type\":\"BreadcrumbList\",\"@id\":\"https:\/\/traildugrandgeneve.com\/index.php\/contact\/#breadcrumb\",\"itemListElement\":[{\"@type\":\"ListItem\",\"position\":1,\"name\":\"Accueil\",\"item\":\"https:\/\/traildugrandgeneve.com\/index.php\/home\/\"},{\"@type\":\"ListItem\",\"position\":2,\"name\":\"Contact\"}]},{\"@type\":\"WebSite\",\"@id\":\"https:\/\/traildugrandgeneve.com\/#website\",\"url\":\"https:\/\/traildugrandgeneve.com\/\",\"name\":\"Trail du Grand Gen\u00e8ve\",\"description\":\"\",\"publisher\":{\"@id\":\"https:\/\/traildugrandgeneve.com\/#organization\"},\"potentialAction\":[{\"@type\":\"SearchAction\",\"target\":{\"@type\":\"EntryPoint\",\"urlTemplate\":\"https:\/\/traildugrandgeneve.com\/?s={search_term_string}\"},\"query-input\":{\"@type\":\"PropertyValueSpecification\",\"valueRequired\":true,\"valueName\":\"search_term_string\"}}],\"inLanguage\":\"fr-FR\"},{\"@type\":\"Organization\",\"@id\":\"https:\/\/traildugrandgeneve.com\/#organization\",\"name\":\"Trail du Grand Gen\u00e8ve\",\"url\":\"https:\/\/traildugrandgeneve.com\/\",\"logo\":{\"@type\":\"ImageObject\",\"inLanguage\":\"fr-FR\",\"@id\":\"https:\/\/traildugrandgeneve.com\/#\/schema\/logo\/image\/\",\"url\":\"https:\/\/traildugrandgeneve.com\/wp-content\/uploads\/2025\/03\/Frame-1.png\",\"contentUrl\":\"https:\/\/traildugrandgeneve.com\/wp-content\/uploads\/2025\/03\/Frame-1.png\",\"width\":320,\"height\":154,\"caption\":\"Trail du Grand Gen\u00e8ve\"},\"image\":{\"@id\":\"https:\/\/traildugrandgeneve.com\/#\/schema\/logo\/image\/\"}}]}<\/script>\n<!-- \/ Yoast SEO plugin. -->","yoast_head_json":{"title":"Contact - Trail du Grand Gen\u00e8ve","robots":{"index":"index","follow":"follow","max-snippet":"max-snippet:-1","max-image-preview":"max-image-preview:large","max-video-preview":"max-video-preview:-1"},"canonical":"https:\/\/traildugrandgeneve.com\/index.php\/contact\/","og_locale":"fr_FR","og_type":"article","og_title":"Contact - Trail du Grand Gen\u00e8ve","og_description":"This is a Page excerpt. It will be displayed for search results","og_url":"https:\/\/traildugrandgeneve.com\/index.php\/contact\/","og_site_name":"Trail du Grand Gen\u00e8ve","article_modified_time":"2025-04-10T10:29:12+00:00","twitter_card":"summary_large_image","twitter_misc":{"Dur\u00e9e de lecture estim\u00e9e":"1 minute"},"schema":{"@context":"https:\/\/schema.org","@graph":[{"@type":"WebPage","@id":"https:\/\/traildugrandgeneve.com\/index.php\/contact\/","url":"https:\/\/traildugrandgeneve.com\/index.php\/contact\/","name":"Contact - Trail du Grand Gen\u00e8ve","isPartOf":{"@id":"https:\/\/traildugrandgeneve.com\/#website"},"datePublished":"2025-03-07T16:18:24+00:00","dateModified":"2025-04-10T10:29:12+00:00","breadcrumb":{"@id":"https:\/\/traildugrandgeneve.com\/index.php\/contact\/#breadcrumb"},"inLanguage":"fr-FR","potentialAction":[{"@type":"ReadAction","target":["https:\/\/traildugrandgeneve.com\/index.php\/contact\/"]}]},{"@type":"BreadcrumbList","@id":"https:\/\/traildugrandgeneve.com\/index.php\/contact\/#breadcrumb","itemListElement":[{"@type":"ListItem","position":1,"name":"Accueil","item":"https:\/\/traildugrandgeneve.com\/index.php\/home\/"},{"@type":"ListItem","position":2,"name":"Contact"}]},{"@type":"WebSite","@id":"https:\/\/traildugrandgeneve.com\/#website","url":"https:\/\/traildugrandgeneve.com\/","name":"Trail du Grand Gen\u00e8ve","description":"","publisher":{"@id":"https:\/\/traildugrandgeneve.com\/#organization"},"potentialAction":[{"@type":"SearchAction","target":{"@type":"EntryPoint","urlTemplate":"https:\/\/traildugrandgeneve.com\/?s={search_term_string}"},"query-input":{"@type":"PropertyValueSpecification","valueRequired":true,"valueName":"search_term_string"}}],"inLanguage":"fr-FR"},{"@type":"Organization","@id":"https:\/\/traildugrandgeneve.com\/#organization","name":"Trail du Grand Gen\u00e8ve","url":"https:\/\/traildugrandgeneve.com\/","logo":{"@type":"ImageObject","inLanguage":"fr-FR","@id":"https:\/\/traildugrandgeneve.com\/#\/schema\/logo\/image\/","url":"https:\/\/traildugrandgeneve.com\/wp-content\/uploads\/2025\/03\/Frame-1.png","contentUrl":"https:\/\/traildugrandgeneve.com\/wp-content\/uploads\/2025\/03\/Frame-1.png","width":320,"height":154,"caption":"Trail du Grand Gen\u00e8ve"},"image":{"@id":"https:\/\/traildugrandgeneve.com\/#\/schema\/logo\/image\/"}}]}},"_links":{"self":[{"href":"https:\/\/traildugrandgeneve.com\/index.php\/wp-json\/wp\/v2\/pages\/3529","targetHints":{"allow":["GET"]}}],"collection":[{"href":"https:\/\/traildugrandgeneve.com\/index.php\/wp-json\/wp\/v2\/pages"}],"about":[{"href":"https:\/\/traildugrandgeneve.com\/index.php\/wp-json\/wp\/v2\/types\/page"}],"author":[{"embeddable":true,"href":"https:\/\/traildugrandgeneve.com\/index.php\/wp-json\/wp\/v2\/users\/1"}],"replies":[{"embeddable":true,"href":"https:\/\/traildugrandgeneve.com\/index.php\/wp-json\/wp\/v2\/comments?post=3529"}],"version-history":[{"count":6,"href":"https:\/\/traildugrandgeneve.com\/index.php\/wp-json\/wp\/v2\/pages\/3529\/revisions"}],"predecessor-version":[{"id":3610,"href":"https:\/\/traildugrandgeneve.com\/index.php\/wp-json\/wp\/v2\/pages\/3529\/revisions\/3610"}],"wp:attachment":[{"href":"https:\/\/traildugrandgeneve.com\/index.php\/wp-json\/wp\/v2\/media?parent=3529"}],"curies":[{"name":"wp","href":"https:\/\/api.w.org\/{rel}","templated":true}]}}