{"id":3538,"date":"2025-03-07T17:43:53","date_gmt":"2025-03-07T16:43:53","guid":{"rendered":"https:\/\/traildugrandgeneve.com\/?page_id=3538"},"modified":"2025-03-07T17:43:54","modified_gmt":"2025-03-07T16:43:54","slug":"legal","status":"publish","type":"page","link":"https:\/\/traildugrandgeneve.com\/index.php\/legal\/","title":{"rendered":"Mentions l\u00e9gales"},"content":{"rendered":"<div id='av_section_1'  class='avia-section av-se08e-b28f29e7849fa3ce0a4f4feb2302da97 main_color avia-section-default avia-no-border-styling  avia-builder-el-0  avia-builder-el-no-sibling  avia-bg-style-scroll container_wrap sidebar_right'  ><div class='container av-section-cont-open' ><main  role=\"main\" itemprop=\"mainContentOfPage\"  class='template-page content  av-content-small alpha units'><div class='post-entry post-entry-type-page post-entry-3538'><div class='entry-content-wrapper clearfix'>\n<div class='flex_column_table av-keciu-713b747d5700fb05c4ca450b07c9b402 sc-av_one_full av-equal-height-column-flextable'><div  class='flex_column av-keciu-713b747d5700fb05c4ca450b07c9b402 av_one_full  avia-builder-el-1  avia-builder-el-no-sibling  first flex_column_table_cell av-equal-height-column av-align-middle  '     ><section  class='av_textblock_section av-m7vn83l9-08b1d658147456632bf6a632b09ac1c6 '   itemscope=\"itemscope\" itemtype=\"https:\/\/schema.org\/CreativeWork\" ><div class='avia_textblock'  itemprop=\"text\" ><h1>Mentions L\u00e9gales<\/h1>\n<h2>Propri\u00e9t\u00e9 du pr\u00e9sent site internet<\/h2>\n<p>Ce site est plac\u00e9 sous la responsabilit\u00e9 de Runningeneva Association non-inscrite au registre du commerce. Elle est l\u2019unique propri\u00e9taire de ce site internet, ci-apr\u00e8s le \u00ab Propri\u00e9taire \u00bb :<\/p>\n<p><strong>Runningeneva Association<\/strong><br \/>\nRue de Lancy 7<br \/>\n1227 Carouge<br \/>\nSuisse<br \/>\nEmail : <a href=\"mailto:info@runningeneva.ch\">info@runningeneva.ch<\/a><\/p>\n<p>Le site internet est h\u00e9berg\u00e9 aupr\u00e8s de la soci\u00e9t\u00e9 Infomaniak Network SA.<\/p>\n<h2>D\u00e9veloppement du pr\u00e9sent site internet<\/h2>\n<p>La soci\u00e9t\u00e9 APL Inc., entreprise fran\u00e7aise immatricul\u00e9e au registre fran\u00e7ais de commerce de Paris sous le num\u00e9ro \u202d9 32 71 15 75\u202c a d\u00e9velopp\u00e9 et r\u00e9alis\u00e9 l\u2019int\u00e9gralit\u00e9 de ce site internet (design, animation technique et d\u00e9veloppement), ci-apr\u00e8s le \u00ab D\u00e9veloppeur \u00bb.<\/p>\n<h2>Copyright et droits<\/h2>\n<p>Tous les droits appartiennent \u00e0 Runningeneva Association non-inscrite au registre du commerce.<\/p>\n<p>Le contenu, le design, les illustrations et les photographies ne peuvent \u00eatre utilis\u00e9s sans l\u2019autorisation expresse de Runningeneva Association.<\/p>\n<h2>Politique de confidentialit\u00e9<\/h2>\n<p>Le R\u00e8glement G\u00e9n\u00e9ral sur la Protection des Donn\u00e9es (RGPD) est entr\u00e9 en vigueur le 25 mai 2018. Cette section pr\u00e9sente la politique de traitement des donn\u00e9es du propri\u00e9taire du pr\u00e9sent site internet.<\/p>\n<p>Le d\u00e9veloppeur recueille des informations li\u00e9es \u00e0 votre navigation. Toutes les informations recueillies sont uniquement n\u00e9cessaires pour am\u00e9liorer la qualit\u00e9 des services. Nous recueillons le minimum d\u2019informations possibles via :<\/p>\n<ul>\n<li>Google Analytics<\/li>\n<li>Google Adwords<\/li>\n<li>Google Maps<\/li>\n<li>Google My Business<\/li>\n<li>Google Tags<\/li>\n<li>Facebook Ads<\/li>\n<li>Twitter Ads<\/li>\n<li>Linkedin Ads<\/li>\n<li>Solutions de paiement en ligne (Stripe, Paypal, PostFinance, etc.)<\/li>\n<\/ul>\n<p>Le d\u00e9veloppeur ne conserve aucune information sur les visiteurs du site internet. Ces informations sont automatiquement transmises au propri\u00e9taire.<\/p>\n<h2>Utilisation de ce site internet<\/h2>\n<p>Les donn\u00e9es de navigation sont utilis\u00e9es pour comprendre l&rsquo;utilisation du site et am\u00e9liorer l&rsquo;exp\u00e9rience utilisateur ainsi que le ciblage publicitaire.<\/p>\n<h2>Engagement sur la confidentialit\u00e9<\/h2>\n<p>Le d\u00e9veloppeur ne conserve aucune donn\u00e9e de navigation.<\/p>\n<h2>Politique de cookies<\/h2>\n<p>Le d\u00e9veloppeur n\u2019utilise pas de cookies pour personnaliser ou am\u00e9liorer la navigation des utilisateurs. La plupart des navigateurs permettent une navigation priv\u00e9e pour \u00e9viter l\u2019enregistrement des donn\u00e9es.<\/p>\n<h2>Politique de newsletters<\/h2>\n<p>Vous pouvez exercer vos droits d\u2019acc\u00e8s, de rectification, d\u2019opposition et d\u2019annulation \u00e0 tout moment en contactant le propri\u00e9taire \u00e0 l\u2019adresse suivante : <a href=\"mailto:info@runningeneva.ch\">info@runningeneva.ch<\/a>.<\/p>\n<h2>Formulaire de contact<\/h2>\n<p>Le propri\u00e9taire offre la possibilit\u00e9 de contacter directement son service commercial. Les donn\u00e9es suivantes sont collect\u00e9es :<\/p>\n<ul>\n<li>Nom de soci\u00e9t\u00e9<\/li>\n<li>Pr\u00e9nom et nom<\/li>\n<li>Num\u00e9ro de t\u00e9l\u00e9phone<\/li>\n<li>Email<\/li>\n<\/ul>\n<p>Ces donn\u00e9es sont n\u00e9cessaires pour traiter la demande et sont stock\u00e9es sur le serveur de stockage ainsi que dans une bo\u00eete email du propri\u00e9taire.<\/p>\n<h2>Droits de l\u2019utilisateur<\/h2>\n<p>Chaque utilisateur peut demander un acc\u00e8s, une correction ou une suppression de ses donn\u00e9es. Il peut \u00e9galement exercer son droit \u00e0 l\u2019oubli en contactant le propri\u00e9taire \u00e0 l\u2019adresse : <a href=\"mailto:info@runningeneva.ch\">info@runningeneva.ch<\/a>.<\/p>\n<p>Le propri\u00e9taire se r\u00e9serve le droit de modifier cette politique en cas de mise \u00e0 jour des informations ou des processus internes.<\/p>\n<p><strong>Derni\u00e8re mise \u00e0 jour :<\/strong> 4 mars 2025.<\/p>\n<\/div><\/section><\/div><\/div><!--close column table wrapper. Autoclose: 1 --><\/div><\/div><\/main><!-- close content main element --><\/div><\/div><div id='after_section_1'  class='main_color av_default_container_wrap container_wrap sidebar_right'  ><div class='container av-section-cont-open' ><div class='template-page content  av-content-small alpha units'><div class='post-entry post-entry-type-page post-entry-3538'><div class='entry-content-wrapper clearfix'>\n","protected":false},"excerpt":{"rendered":"<p>This is a Page excerpt. It will be displayed for search results<\/p>\n","protected":false},"author":1,"featured_media":0,"parent":0,"menu_order":0,"comment_status":"open","ping_status":"open","template":"","meta":{"footnotes":""},"class_list":["post-3538","page","type-page","status-publish","hentry"],"yoast_head":"<!-- This site is optimized with the Yoast SEO plugin v24.6 - https:\/\/yoast.com\/wordpress\/plugins\/seo\/ -->\n<title>Mentions l\u00e9gales - Trail du Grand Gen\u00e8ve<\/title>\n<meta name=\"robots\" content=\"index, follow, max-snippet:-1, max-image-preview:large, max-video-preview:-1\" \/>\n<link rel=\"canonical\" href=\"https:\/\/traildugrandgeneve.com\/index.php\/legal\/\" \/>\n<meta property=\"og:locale\" content=\"fr_FR\" \/>\n<meta property=\"og:type\" content=\"article\" \/>\n<meta property=\"og:title\" content=\"Mentions l\u00e9gales - Trail du Grand Gen\u00e8ve\" \/>\n<meta property=\"og:description\" content=\"This is a Page excerpt. It will be displayed for search results\" \/>\n<meta property=\"og:url\" content=\"https:\/\/traildugrandgeneve.com\/index.php\/legal\/\" \/>\n<meta property=\"og:site_name\" content=\"Trail du Grand Gen\u00e8ve\" \/>\n<meta property=\"article:modified_time\" content=\"2025-03-07T16:43:54+00:00\" \/>\n<meta name=\"twitter:card\" content=\"summary_large_image\" \/>\n<meta name=\"twitter:label1\" content=\"Dur\u00e9e de lecture estim\u00e9e\" \/>\n\t<meta name=\"twitter:data1\" content=\"3 minutes\" \/>\n<script type=\"application\/ld+json\" class=\"yoast-schema-graph\">{\"@context\":\"https:\/\/schema.org\",\"@graph\":[{\"@type\":\"WebPage\",\"@id\":\"https:\/\/traildugrandgeneve.com\/index.php\/legal\/\",\"url\":\"https:\/\/traildugrandgeneve.com\/index.php\/legal\/\",\"name\":\"Mentions l\u00e9gales - Trail du Grand Gen\u00e8ve\",\"isPartOf\":{\"@id\":\"https:\/\/traildugrandgeneve.com\/#website\"},\"datePublished\":\"2025-03-07T16:43:53+00:00\",\"dateModified\":\"2025-03-07T16:43:54+00:00\",\"breadcrumb\":{\"@id\":\"https:\/\/traildugrandgeneve.com\/index.php\/legal\/#breadcrumb\"},\"inLanguage\":\"fr-FR\",\"potentialAction\":[{\"@type\":\"ReadAction\",\"target\":[\"https:\/\/traildugrandgeneve.com\/index.php\/legal\/\"]}]},{\"@type\":\"BreadcrumbList\",\"@id\":\"https:\/\/traildugrandgeneve.com\/index.php\/legal\/#breadcrumb\",\"itemListElement\":[{\"@type\":\"ListItem\",\"position\":1,\"name\":\"Accueil\",\"item\":\"https:\/\/traildugrandgeneve.com\/index.php\/home\/\"},{\"@type\":\"ListItem\",\"position\":2,\"name\":\"Mentions l\u00e9gales\"}]},{\"@type\":\"WebSite\",\"@id\":\"https:\/\/traildugrandgeneve.com\/#website\",\"url\":\"https:\/\/traildugrandgeneve.com\/\",\"name\":\"Trail du Grand Gen\u00e8ve\",\"description\":\"\",\"publisher\":{\"@id\":\"https:\/\/traildugrandgeneve.com\/#organization\"},\"potentialAction\":[{\"@type\":\"SearchAction\",\"target\":{\"@type\":\"EntryPoint\",\"urlTemplate\":\"https:\/\/traildugrandgeneve.com\/?s={search_term_string}\"},\"query-input\":{\"@type\":\"PropertyValueSpecification\",\"valueRequired\":true,\"valueName\":\"search_term_string\"}}],\"inLanguage\":\"fr-FR\"},{\"@type\":\"Organization\",\"@id\":\"https:\/\/traildugrandgeneve.com\/#organization\",\"name\":\"Trail du Grand Gen\u00e8ve\",\"url\":\"https:\/\/traildugrandgeneve.com\/\",\"logo\":{\"@type\":\"ImageObject\",\"inLanguage\":\"fr-FR\",\"@id\":\"https:\/\/traildugrandgeneve.com\/#\/schema\/logo\/image\/\",\"url\":\"https:\/\/traildugrandgeneve.com\/wp-content\/uploads\/2025\/03\/Frame-1.png\",\"contentUrl\":\"https:\/\/traildugrandgeneve.com\/wp-content\/uploads\/2025\/03\/Frame-1.png\",\"width\":320,\"height\":154,\"caption\":\"Trail du Grand Gen\u00e8ve\"},\"image\":{\"@id\":\"https:\/\/traildugrandgeneve.com\/#\/schema\/logo\/image\/\"}}]}<\/script>\n<!-- \/ Yoast SEO plugin. -->","yoast_head_json":{"title":"Mentions l\u00e9gales - Trail du Grand Gen\u00e8ve","robots":{"index":"index","follow":"follow","max-snippet":"max-snippet:-1","max-image-preview":"max-image-preview:large","max-video-preview":"max-video-preview:-1"},"canonical":"https:\/\/traildugrandgeneve.com\/index.php\/legal\/","og_locale":"fr_FR","og_type":"article","og_title":"Mentions l\u00e9gales - Trail du Grand Gen\u00e8ve","og_description":"This is a Page excerpt. It will be displayed for search results","og_url":"https:\/\/traildugrandgeneve.com\/index.php\/legal\/","og_site_name":"Trail du Grand Gen\u00e8ve","article_modified_time":"2025-03-07T16:43:54+00:00","twitter_card":"summary_large_image","twitter_misc":{"Dur\u00e9e de lecture estim\u00e9e":"3 minutes"},"schema":{"@context":"https:\/\/schema.org","@graph":[{"@type":"WebPage","@id":"https:\/\/traildugrandgeneve.com\/index.php\/legal\/","url":"https:\/\/traildugrandgeneve.com\/index.php\/legal\/","name":"Mentions l\u00e9gales - Trail du Grand Gen\u00e8ve","isPartOf":{"@id":"https:\/\/traildugrandgeneve.com\/#website"},"datePublished":"2025-03-07T16:43:53+00:00","dateModified":"2025-03-07T16:43:54+00:00","breadcrumb":{"@id":"https:\/\/traildugrandgeneve.com\/index.php\/legal\/#breadcrumb"},"inLanguage":"fr-FR","potentialAction":[{"@type":"ReadAction","target":["https:\/\/traildugrandgeneve.com\/index.php\/legal\/"]}]},{"@type":"BreadcrumbList","@id":"https:\/\/traildugrandgeneve.com\/index.php\/legal\/#breadcrumb","itemListElement":[{"@type":"ListItem","position":1,"name":"Accueil","item":"https:\/\/traildugrandgeneve.com\/index.php\/home\/"},{"@type":"ListItem","position":2,"name":"Mentions l\u00e9gales"}]},{"@type":"WebSite","@id":"https:\/\/traildugrandgeneve.com\/#website","url":"https:\/\/traildugrandgeneve.com\/","name":"Trail du Grand Gen\u00e8ve","description":"","publisher":{"@id":"https:\/\/traildugrandgeneve.com\/#organization"},"potentialAction":[{"@type":"SearchAction","target":{"@type":"EntryPoint","urlTemplate":"https:\/\/traildugrandgeneve.com\/?s={search_term_string}"},"query-input":{"@type":"PropertyValueSpecification","valueRequired":true,"valueName":"search_term_string"}}],"inLanguage":"fr-FR"},{"@type":"Organization","@id":"https:\/\/traildugrandgeneve.com\/#organization","name":"Trail du Grand Gen\u00e8ve","url":"https:\/\/traildugrandgeneve.com\/","logo":{"@type":"ImageObject","inLanguage":"fr-FR","@id":"https:\/\/traildugrandgeneve.com\/#\/schema\/logo\/image\/","url":"https:\/\/traildugrandgeneve.com\/wp-content\/uploads\/2025\/03\/Frame-1.png","contentUrl":"https:\/\/traildugrandgeneve.com\/wp-content\/uploads\/2025\/03\/Frame-1.png","width":320,"height":154,"caption":"Trail du Grand Gen\u00e8ve"},"image":{"@id":"https:\/\/traildugrandgeneve.com\/#\/schema\/logo\/image\/"}}]}},"_links":{"self":[{"href":"https:\/\/traildugrandgeneve.com\/index.php\/wp-json\/wp\/v2\/pages\/3538","targetHints":{"allow":["GET"]}}],"collection":[{"href":"https:\/\/traildugrandgeneve.com\/index.php\/wp-json\/wp\/v2\/pages"}],"about":[{"href":"https:\/\/traildugrandgeneve.com\/index.php\/wp-json\/wp\/v2\/types\/page"}],"author":[{"embeddable":true,"href":"https:\/\/traildugrandgeneve.com\/index.php\/wp-json\/wp\/v2\/users\/1"}],"replies":[{"embeddable":true,"href":"https:\/\/traildugrandgeneve.com\/index.php\/wp-json\/wp\/v2\/comments?post=3538"}],"version-history":[{"count":1,"href":"https:\/\/traildugrandgeneve.com\/index.php\/wp-json\/wp\/v2\/pages\/3538\/revisions"}],"predecessor-version":[{"id":3539,"href":"https:\/\/traildugrandgeneve.com\/index.php\/wp-json\/wp\/v2\/pages\/3538\/revisions\/3539"}],"wp:attachment":[{"href":"https:\/\/traildugrandgeneve.com\/index.php\/wp-json\/wp\/v2\/media?parent=3538"}],"curies":[{"name":"wp","href":"https:\/\/api.w.org\/{rel}","templated":true}]}}