{"id":4022,"date":"2026-01-22T08:22:08","date_gmt":"2026-01-22T07:22:08","guid":{"rendered":"https:\/\/traildugrandgeneve.com\/?page_id=4022"},"modified":"2026-04-13T16:17:37","modified_gmt":"2026-04-13T14:17:37","slug":"ultramontee","status":"publish","type":"page","link":"https:\/\/traildugrandgeneve.com\/index.php\/ultramontee\/","title":{"rendered":"Ultra Mont\u00e9e du Trail du Grand Gen\u00e8ve"},"content":{"rendered":"\n<style type=\"text\/css\" data-created_by=\"avia_inline_auto\" id=\"style-css-av-m7vn2a4x-66e19996128027f54afed1e9a439c57d\">\n#top .av-special-heading.av-m7vn2a4x-66e19996128027f54afed1e9a439c57d{\npadding-bottom:10px;\ncolor:#ff5c21;\n}\nbody .av-special-heading.av-m7vn2a4x-66e19996128027f54afed1e9a439c57d .av-special-heading-tag .heading-char{\nfont-size:25px;\n}\n.av-special-heading.av-m7vn2a4x-66e19996128027f54afed1e9a439c57d .special-heading-inner-border{\nborder-color:#ff5c21;\n}\n.av-special-heading.av-m7vn2a4x-66e19996128027f54afed1e9a439c57d .av-subheading{\nfont-size:15px;\n}\n<\/style>\n<div  class='av-special-heading av-m7vn2a4x-66e19996128027f54afed1e9a439c57d av-special-heading-h1 custom-color-heading blockquote modern-quote modern-centered  avia-builder-el-0  el_before_av_section  avia-builder-el-no-sibling '><h1 class='av-special-heading-tag '  itemprop=\"headline\"  > UMTGG       Ultra Mont\u00e9e du Trail du Grand Gen\u00e8ve<\/h1><div class=\"special-heading-border\"><div class=\"special-heading-inner-border\"><\/div><\/div><\/div>\n<\/div><\/div><\/div><!-- close content main div --><\/div><\/div><div id='ultramontee'  class='avia-section av-miwx7goh-64850381d838801ce39bc445a902efcd main_color avia-section-default avia-no-border-styling  avia-builder-el-1  el_after_av_heading  avia-builder-el-last  avia-bg-style-scroll container_wrap sidebar_right'  ><div class='container av-section-cont-open' ><div class='template-page content  av-content-small alpha units'><div class='post-entry post-entry-type-page post-entry-4022'><div class='entry-content-wrapper clearfix'>\n\n<style type=\"text\/css\" data-created_by=\"avia_inline_auto\" id=\"style-css-av-4xgyll-92d8c0164dd98c43e4f6e058a70d46e0\">\n.flex_column.av-4xgyll-92d8c0164dd98c43e4f6e058a70d46e0{\nborder-radius:0px 0px 0px 0px;\n}\n<\/style>\n<div  class='flex_column av-4xgyll-92d8c0164dd98c43e4f6e058a70d46e0 av_one_third  avia-builder-el-2  el_before_av_two_third  avia-builder-el-first  first flex_column_div  '     ><style type=\"text\/css\" data-created_by=\"avia_inline_auto\" id=\"style-css-av-m7yuv84t-823a213df8f17bfdf2de04afb4111357\">\n.avia-image-container.av-m7yuv84t-823a213df8f17bfdf2de04afb4111357 img.avia_image{\nbox-shadow:none;\n}\n.avia-image-container.av-m7yuv84t-823a213df8f17bfdf2de04afb4111357 .av-image-caption-overlay-center{\ncolor:#ffffff;\n}\n<\/style>\n<div  class='avia-image-container av-m7yuv84t-823a213df8f17bfdf2de04afb4111357 av-styling- av-img-linked avia-align-center  avia-builder-el-3  avia-builder-el-no-sibling '   itemprop=\"image\" itemscope=\"itemscope\" itemtype=\"https:\/\/schema.org\/ImageObject\" ><div class=\"avia-image-container-inner\"><div class=\"avia-image-overlay-wrap\"><a href=\"https:\/\/tracedetrail.fr\/fr\/trace\/322268\" class='avia_image '  target=\"_blank\"  rel=\"noopener noreferrer\" aria-label='22k-8'><img decoding=\"async\" fetchpriority=\"high\" class='wp-image-4007 avia-img-lazy-loading-not-4007 avia_image ' src=\"https:\/\/traildugrandgeneve.com\/wp-content\/uploads\/2026\/01\/22k-8-771x1030.png\" alt='' title='22k-8'  height=\"1030\" width=\"771\"  itemprop=\"thumbnailUrl\" srcset=\"https:\/\/traildugrandgeneve.com\/wp-content\/uploads\/2026\/01\/22k-8-771x1030.png 771w, https:\/\/traildugrandgeneve.com\/wp-content\/uploads\/2026\/01\/22k-8-225x300.png 225w, https:\/\/traildugrandgeneve.com\/wp-content\/uploads\/2026\/01\/22k-8-768x1025.png 768w, https:\/\/traildugrandgeneve.com\/wp-content\/uploads\/2026\/01\/22k-8-528x705.png 528w, https:\/\/traildugrandgeneve.com\/wp-content\/uploads\/2026\/01\/22k-8.png 1056w\" sizes=\"(max-width: 771px) 100vw, 771px\" \/><\/a><\/div><\/div><\/div><\/div>\n<style type=\"text\/css\" data-created_by=\"avia_inline_auto\" id=\"style-css-av-4xlw2h-f0338ffd7bf94e60c7d2902ab03d5564\">\n.flex_column.av-4xlw2h-f0338ffd7bf94e60c7d2902ab03d5564{\nborder-radius:8px 8px 8px 8px;\npadding:20px 20px 20px 20px;\nbackground-color:rgba(255,255,255,0.9);\n}\n<\/style>\n<div  id=\"\"  class='flex_column av-4xlw2h-f0338ffd7bf94e60c7d2902ab03d5564 av_two_third  avia-builder-el-4  el_after_av_one_third  el_before_av_heading  flex_column_div  '     ><p><section  class='av_textblock_section av-m7x32bgw-f21e588dbbfb28dad1171a2d0a5e9051 '   itemscope=\"itemscope\" itemtype=\"https:\/\/schema.org\/CreativeWork\" ><div class='avia_textblock'  itemprop=\"text\" ><p><strong>Samedi 30 mai 2026<\/strong>, une date suppl\u00e9mentaire sur le Trail du Grand Gen\u00e8ve avec un nouveau format de course tout particulier !<\/p>\n<p>L\u2019Ultra Mont\u00e9e du Trail du Grand Gen\u00e8ve promet de beaux challenges sur un fort d\u00e9nivel\u00e9 \u00e0 deux pas de Gen\u00e8ve<\/p>\n<p>Avec deux formats de course :<\/p>\n<ul>\n<li>Challenge sur 3h00 de (x) fois le D+ 675 m<\/li>\n<li>Challenge sur 6h00 de (x) fois le D+ 675 m<\/li>\n<\/ul>\n<p>Il s\u2019agira de r\u00e9aliser le plus grand nombre de mont\u00e9e durant <strong>3 ou 6 heures.<\/strong><br \/>\nLes descentes se font par le t\u00e9l\u00e9ph\u00e9rique du Sal\u00e8ve, une belle opportunit\u00e9 pour faire du d\u00e9nivel\u00e9 tout en soignant vos articulations !<\/p>\n<p>Alors n\u2019h\u00e9sitez plus, venez accumuler du d\u00e9nivel\u00e9, vos quadriceps, mollets, fessiers, ischio-jambiers, vous remercieront !<\/p>\n<p><strong>Nombre de participants maximum : 320<\/strong><\/p>\n<h3><\/h3>\n<h3>Horaires de d\u00e9part<\/h3>\n<ul>\n<li><strong>UMTGG 6h00 <\/strong>challenge : d\u00e9part : <strong>8h00\u00a0<\/strong><\/li>\n<li><strong>UMTGG 3h00<\/strong>\u00a0challenge : d\u00e9part : <strong>8h30<\/strong><\/li>\n<\/ul>\n<h3>Votre inscription comprend<\/h3>\n<ul>\n<li>Votre <span style=\"font-weight: 400;\"><strong>dossard <\/strong><\/span>puc\u00e9<\/li>\n<li><span style=\"font-weight: 400;\">Les <strong>ravitaillements<\/strong>\u00a0parcours<\/span><\/li>\n<li><span style=\"font-weight: 400;\">Une <strong>early mont\u00e9e<\/strong> (avant votre d\u00e9part de course) pour rejoindre le d\u00e9part<\/span><\/li>\n<li><span style=\"font-weight: 400;\">Les <strong>descentes en t\u00e9l\u00e9ph\u00e9rique<\/strong> durant toute votre course<\/span><\/li>\n<li><span style=\"font-weight: 400;\">Une superbe <strong>pasta party <\/strong>vous sera offerte par le restaurant Panoramique du t\u00e9l\u00e9ph\u00e9rique du Sal\u00e8ve afin de profiter en famille, entre amis, ou en solo de l\u2019\u00e9poustouflant panorama depuis l\u2019esplanade du t\u00e9l\u00e9ph\u00e9rique sur le lac L\u00e9man.<\/span><\/li>\n<\/ul>\n<h3>R\u00e8glement de course<\/h3>\n<ul>\n<li>La course se d\u00e9roule sur la boucle mont\u00e9e\/descente :\n<ul>\n<li><strong>Mont\u00e9e : 3,7 km, 675 m D+ de la station inf\u00e9rieure du t\u00e9l\u00e9ph\u00e9rique \u00e0 la station sup\u00e9rieure, partie chronom\u00e9tr\u00e9e<\/strong><\/li>\n<li><strong>Depuis le passage sur le tapis de chronom\u00e9trage sur l\u2019esplanade sup\u00e9rieure du t\u00e9l\u00e9ph\u00e9rique<\/strong> jusqu\u2019\u00e0 la station inf\u00e9rieure du t\u00e9l\u00e9ph\u00e9rique, pas de chronom\u00e9trage (d\u00e9part toutes les 6 minutes, 60 personnes par rotation)<\/li>\n<li>Le chronom\u00e9trage est assur\u00e9 par l\u2019organisation,<\/li>\n<li>Seules les mont\u00e9es sont chronom\u00e9tr\u00e9es,<\/li>\n<li>Le score final est calcul\u00e9 en fonction du <strong>nombre total de mont\u00e9es compl\u00e9t\u00e9es<\/strong>. En cas d\u2019\u00e9galit\u00e9, le classement sera d\u00e9termin\u00e9 par le temps total cumul\u00e9 des mont\u00e9es.<\/li>\n<li>L\u2019attente au t\u00e9l\u00e9ph\u00e9rique ne peut faire l\u2019objet d\u2019aucune r\u00e9glementation ; l\u2019acc\u00e8s se fait selon le principe du premier arriv\u00e9, premier servi.<\/li>\n<li>La derni\u00e8re mont\u00e9e est autoris\u00e9e dans un d\u00e9lai maximal de 3 heures ou 6 heures apr\u00e8s votre d\u00e9part selon le format de course choisi<\/li>\n<li><strong>Participants<\/strong>\n<ul>\n<li>La course est ouverte \u00e0 toute personne \u00e2g\u00e9e de <strong>18 ans et plus<\/strong>&#8230;<\/li>\n<li>Les participants doivent \u00eatre en <strong>tr\u00e8s<\/strong> <strong>bonne condition physique<\/strong> pour une course en montagne.<\/li>\n<\/ul>\n<p>Il est obligatoire de respecter les consignes de s\u00e9curit\u00e9<\/li>\n<\/ul>\n<\/li>\n<li>\n<h3><strong>S\u00e9curit\u00e9<\/strong><\/h3>\n<ul>\n<li>Les participants doivent respecter les r\u00e8gles de s\u00e9curit\u00e9 et les consignes de l\u2019organisation.<\/li>\n<li>Le parcours sera balis\u00e9 et des commissaires seront pr\u00e9sents.<\/li>\n<li>L\u2019organisation peut <strong>interrompre un participant<\/strong> en cas de danger ou de mauvaise condition physique.<\/li>\n<li><strong>Mat\u00e9riel obligatoire : 0,5 litres d\u2019eau et t\u00e9l\u00e9phone portable<\/strong><\/li>\n<li>Les secours sont disponibles sur le parcours et au d\u00e9part\/arriv\u00e9e.<\/li>\n<li>Les b\u00e2tons sont autoris\u00e9s<\/li>\n<li>Chaque participant doit \u00eatre <strong>assur\u00e9 pour la pratique de la course \u00e0 pied en montagne<\/strong>.<\/li>\n<li>L\u2019association <strong>RunninGeneva d\u00e9cline toute responsabilit\u00e9<\/strong> en cas de vol, perte, accident ou dommage corporel.<\/li>\n<li>Le participant reconna\u00eet courir \u00e0 ses <strong>propres risques<\/strong> et avoir sign\u00e9 la charte du participant lors de son inscription.<\/li>\n<\/ul>\n<\/li>\n<li>\n<h3><strong>Classements et r\u00e9compenses<\/strong><\/h3>\n<ul>\n<li>Le classement se fait selon le <strong>nombre total de mont\u00e9es compl\u00e9t\u00e9es<\/strong> dans le temps imparti.<\/li>\n<li>En cas d\u2019\u00e9galit\u00e9, le temps cumul\u00e9 de mont\u00e9e sera pris en compte.<\/li>\n<li>Les r\u00e9compenses sont remises <strong>\u00e0 la fin de la course<\/strong>, sur le site d\u2019arriv\u00e9e.<\/li>\n<li>Pour recevoir son prix, il est imp\u00e9ratif de participer \u00e0 la remise des prix podium. Aucun prix ne sera remis apr\u00e8s les c\u00e9r\u00e9monies de podium. Merci de votre participation aux podiums.<\/li>\n<\/ul>\n<\/li>\n<li>\n<h3><strong>Ravitaillements<\/strong><\/h3>\n<ul>\n<li>L\u2019organisation fournit <strong>ravitaillement solide et liquide<\/strong> sur l\u2019esplanade du t\u00e9l\u00e9ph\u00e9rique.<\/li>\n<\/ul>\n<\/li>\n<li>\n<h3><strong>Dossards<\/strong><\/h3>\n<ul>\n<li>Les <strong>dossards sont \u00e0 r\u00e9cup\u00e9rer : <\/strong><\/li>\n<li>vendredi 29 mai 2026 chez V\u00e9lomania \u00e0 Gen\u00e8ve<\/li>\n<li>samedi 30 mai 2026, sur le haut du t\u00e9l\u00e9ph\u00e9rique du Sal\u00e8ve, Rte des 3 Lacs, 74560 Monnetier-Mornex \u00e0 partir de 07h00 et 30 mn avt le d\u00e9part des courses.<\/li>\n<\/ul>\n<p>Chaque coureur doit <strong>porter son dossard visible<\/strong> pendant toute la dur\u00e9e de la course<\/li>\n<li><span style=\"font-size: 20px; font-weight: 600;\">Ultra Mont\u00e9e du Trail du Grand Gen\u00e8ve<\/span><\/li>\n<\/ul>\n<table border=\"1\">\n<thead>\n<tr>\n<th rowspan=\"2\">Course<\/th>\n<th colspan=\"2\">UMTGG<\/th>\n<th colspan=\"2\">UMTGG<\/th>\n<th>UMTGG<\/th>\n<\/tr>\n<tr>\n<th>Early bird 100 dossards<\/th>\n<th><\/th>\n<th>Regular 100 dossards<\/th>\n<th><\/th>\n<th>Last bird 120 dossards<\/th>\n<\/tr>\n<\/thead>\n<tbody>\n<tr>\n<td>6h00 challenge<\/td>\n<td colspan=\"2\">CHF 100.00<\/td>\n<td colspan=\"2\">CHF 110.00<\/td>\n<td>CHF 120.00<\/td>\n<\/tr>\n<tr>\n<td>3h00 challenge<\/td>\n<td colspan=\"2\">CHF 70.00<\/td>\n<td colspan=\"2\">CHF 80.00<\/td>\n<td>CHF 90.00<\/td>\n<\/tr>\n<\/tbody>\n<\/table>\n<\/div><\/section><br \/>\n<div  class='avia-button-wrap avia-button-center  avia-builder-el-6  el_after_av_textblock  avia-builder-el-last '>\n<style type=\"text\/css\" data-created_by=\"avia_inline_auto\" id=\"style-css-av-miwxow5s-ee5141b4228892bf8cf371e438c80f1c\">\n#top #wrap_all .avia-button.av-miwxow5s-ee5141b4228892bf8cf371e438c80f1c:hover{\ncolor:white;\ntransition:all 0.4s ease-in-out;\n}\n#top #wrap_all .avia-button.av-miwxow5s-ee5141b4228892bf8cf371e438c80f1c:hover .avia-svg-icon svg:first-child{\nfill:white;\nstroke:white;\n}\n<\/style>\n<a href='https:\/\/inscription.runningeneva.ch\/connexion' class='avia-color-theme-color avia-font-color-theme-color avia-button avia-button-fullwidth av-miwxow5s-ee5141b4228892bf8cf371e438c80f1c avia-icon_select-yes-left-icon avia-color-theme-color'  target=\"_blank\"  rel=\"noopener noreferrer\"  aria-label=\"Inscriptions ouvertes\"><span class='avia_button_icon avia_button_icon_left avia-svg-icon avia-font-svg_entypo-fontello' data-av_svg_icon='pencil' data-av_iconset='svg_entypo-fontello'><svg version=\"1.1\" xmlns=\"http:\/\/www.w3.org\/2000\/svg\" width=\"25\" height=\"32\" viewBox=\"0 0 25 32\" preserveAspectRatio=\"xMidYMid meet\" aria-labelledby='av-svg-title-1' aria-describedby='av-svg-desc-1' role=\"graphics-symbol\">\n<title id='av-svg-title-1'>Pencil<\/title>\n<desc id='av-svg-desc-1'>Pencil<\/desc>\n<path d=\"M22.976 5.44q1.024 1.024 1.504 2.048t0.48 1.536v0.512l-8.064 8.064-9.28 9.216-7.616 1.664 1.6-7.68 9.28-9.216 8.064-8.064q1.728-0.384 4.032 1.92zM7.168 25.92l0.768-0.768q-0.064-1.408-1.664-3.008-0.704-0.704-1.44-1.12t-1.12-0.416l-0.448-0.064-0.704 0.768-0.576 2.56q0.896 0.512 1.472 1.088 0.768 0.768 1.152 1.536z\"><\/path>\n<\/svg><\/span><span class='avia_iconbox_title' >Inscriptions ouvertes<\/span><span class='avia_button_background avia-button avia-button-fullwidth avia-color-theme-color-highlight'><\/span><\/a><\/div><\/p><\/div>\n<style type=\"text\/css\" data-created_by=\"avia_inline_auto\" id=\"style-css-av-mkp4zk4h-ff0d21588a71cdff11ee6708f2fd360f\">\n#top .av-special-heading.av-mkp4zk4h-ff0d21588a71cdff11ee6708f2fd360f{\npadding-bottom:10px;\ncolor:#ff5c21;\n}\nbody .av-special-heading.av-mkp4zk4h-ff0d21588a71cdff11ee6708f2fd360f .av-special-heading-tag .heading-char{\nfont-size:25px;\n}\n.av-special-heading.av-mkp4zk4h-ff0d21588a71cdff11ee6708f2fd360f .special-heading-inner-border{\nborder-color:#ff5c21;\n}\n.av-special-heading.av-mkp4zk4h-ff0d21588a71cdff11ee6708f2fd360f .av-subheading{\nfont-size:15px;\n}\n<\/style>\n<div  class='av-special-heading av-mkp4zk4h-ff0d21588a71cdff11ee6708f2fd360f av-special-heading-h2 custom-color-heading blockquote modern-quote modern-centered  avia-builder-el-7  el_after_av_two_third  el_before_av_one_fourth '><h2 class='av-special-heading-tag '  itemprop=\"headline\"  >Nos sponsors<\/h2><div class=\"special-heading-border\"><div class=\"special-heading-inner-border\"><\/div><\/div><\/div>\n<div  class='flex_column av-7anoc6-2e190b2eb52a26799f289d3efcf15986 av_one_fourth  avia-builder-el-8  el_after_av_heading  el_before_av_one_fourth  first flex_column_div  '     ><\/div><div  class='flex_column av-5hahty-dcb4527dcdc2fd794eb9297d05f89cb3 av_one_fourth  avia-builder-el-9  el_after_av_one_fourth  el_before_av_one_fourth  flex_column_div  '     ><style type=\"text\/css\" data-created_by=\"avia_inline_auto\" id=\"style-css-av-mkp4ylg0-680529880955896d60233885345e9a15\">\n.avia-image-container.av-mkp4ylg0-680529880955896d60233885345e9a15 img.avia_image{\nbox-shadow:none;\n}\n.avia-image-container.av-mkp4ylg0-680529880955896d60233885345e9a15 .av-image-caption-overlay-center{\ncolor:#ffffff;\n}\n<\/style>\n<div  class='avia-image-container av-mkp4ylg0-680529880955896d60233885345e9a15 av-styling- av-img-linked avia-align-center  avia-builder-el-10  avia-builder-el-no-sibling '   itemprop=\"image\" itemscope=\"itemscope\" itemtype=\"https:\/\/schema.org\/ImageObject\" ><div class=\"avia-image-container-inner\"><div class=\"avia-image-overlay-wrap\"><a href=\"https:\/\/panoramiques-du-saleve.fr\" class='avia_image '  target=\"_blank\"  rel=\"noopener noreferrer\" aria-label='Frame 21'><img decoding=\"async\" fetchpriority=\"high\" class='wp-image-4031 avia-img-lazy-loading-not-4031 avia_image ' src=\"https:\/\/traildugrandgeneve.com\/wp-content\/uploads\/2026\/01\/Frame-21-300x300.png\" alt='' title='Frame 21'  height=\"300\" width=\"300\"  itemprop=\"thumbnailUrl\" srcset=\"https:\/\/traildugrandgeneve.com\/wp-content\/uploads\/2026\/01\/Frame-21-300x300.png 300w, https:\/\/traildugrandgeneve.com\/wp-content\/uploads\/2026\/01\/Frame-21-80x80.png 80w, https:\/\/traildugrandgeneve.com\/wp-content\/uploads\/2026\/01\/Frame-21-36x36.png 36w, https:\/\/traildugrandgeneve.com\/wp-content\/uploads\/2026\/01\/Frame-21-180x180.png 180w, https:\/\/traildugrandgeneve.com\/wp-content\/uploads\/2026\/01\/Frame-21.png 500w\" sizes=\"(max-width: 300px) 100vw, 300px\" \/><\/a><\/div><\/div><\/div><\/div><div  class='flex_column av-41ruuu-5ec23146f1dfe17b182afd070f70c50b av_one_fourth  avia-builder-el-11  el_after_av_one_fourth  el_before_av_one_fourth  flex_column_div  '     ><style type=\"text\/css\" data-created_by=\"avia_inline_auto\" id=\"style-css-av-mkp50u2o-65de13d9ac94a900d33036341d2e82c7\">\n.avia-image-container.av-mkp50u2o-65de13d9ac94a900d33036341d2e82c7 img.avia_image{\nbox-shadow:none;\n}\n.avia-image-container.av-mkp50u2o-65de13d9ac94a900d33036341d2e82c7 .av-image-caption-overlay-center{\ncolor:#ffffff;\n}\n<\/style>\n<div  class='avia-image-container av-mkp50u2o-65de13d9ac94a900d33036341d2e82c7 av-styling- av-img-linked avia-align-center  avia-builder-el-12  avia-builder-el-no-sibling '   itemprop=\"image\" itemscope=\"itemscope\" itemtype=\"https:\/\/schema.org\/ImageObject\" ><div class=\"avia-image-container-inner\"><div class=\"avia-image-overlay-wrap\"><a href=\"https:\/\/www.telepherique-du-saleve.com\" class='avia_image '  target=\"_blank\"  rel=\"noopener noreferrer\" aria-label='Frame 22'><img decoding=\"async\" fetchpriority=\"high\" class='wp-image-4032 avia-img-lazy-loading-not-4032 avia_image ' src=\"https:\/\/traildugrandgeneve.com\/wp-content\/uploads\/2026\/01\/Frame-22-1-300x300.png\" alt='' title='Frame 22'  height=\"300\" width=\"300\"  itemprop=\"thumbnailUrl\" srcset=\"https:\/\/traildugrandgeneve.com\/wp-content\/uploads\/2026\/01\/Frame-22-1-300x300.png 300w, https:\/\/traildugrandgeneve.com\/wp-content\/uploads\/2026\/01\/Frame-22-1-80x80.png 80w, https:\/\/traildugrandgeneve.com\/wp-content\/uploads\/2026\/01\/Frame-22-1-36x36.png 36w, https:\/\/traildugrandgeneve.com\/wp-content\/uploads\/2026\/01\/Frame-22-1-180x180.png 180w, https:\/\/traildugrandgeneve.com\/wp-content\/uploads\/2026\/01\/Frame-22-1.png 500w\" sizes=\"(max-width: 300px) 100vw, 300px\" \/><\/a><\/div><\/div><\/div><\/div><div  class='flex_column av-6na7q-5f2ec76d4fbfe9ce348a0cbf034b41f3 av_one_fourth  avia-builder-el-13  el_after_av_one_fourth  avia-builder-el-last  flex_column_div  '     ><\/div><\/div><\/div><\/div><!-- close content main div --><\/div><\/div><div id='after_section_1'  class='main_color av_default_container_wrap container_wrap sidebar_right'  ><div class='container av-section-cont-open' ><div class='template-page content  av-content-small alpha units'><div class='post-entry post-entry-type-page post-entry-4022'><div class='entry-content-wrapper clearfix'>\n","protected":false},"excerpt":{"rendered":"<p>This is a Page excerpt. It will be displayed for search results<\/p>\n","protected":false},"author":1,"featured_media":0,"parent":0,"menu_order":0,"comment_status":"open","ping_status":"open","template":"","meta":{"footnotes":""},"class_list":["post-4022","page","type-page","status-publish","hentry"],"yoast_head":"<!-- This site is optimized with the Yoast SEO plugin v24.6 - https:\/\/yoast.com\/wordpress\/plugins\/seo\/ -->\n<title>Ultra Mont\u00e9e du Trail du Grand Gen\u00e8ve - Trail du Grand Gen\u00e8ve<\/title>\n<meta name=\"robots\" content=\"index, follow, max-snippet:-1, max-image-preview:large, max-video-preview:-1\" \/>\n<link rel=\"canonical\" href=\"https:\/\/traildugrandgeneve.com\/index.php\/ultramontee\/\" \/>\n<meta property=\"og:locale\" content=\"fr_FR\" \/>\n<meta property=\"og:type\" content=\"article\" \/>\n<meta property=\"og:title\" content=\"Ultra Mont\u00e9e du Trail du Grand Gen\u00e8ve - Trail du Grand Gen\u00e8ve\" \/>\n<meta property=\"og:description\" content=\"This is a Page excerpt. It will be displayed for search results\" \/>\n<meta property=\"og:url\" content=\"https:\/\/traildugrandgeneve.com\/index.php\/ultramontee\/\" \/>\n<meta property=\"og:site_name\" content=\"Trail du Grand Gen\u00e8ve\" \/>\n<meta property=\"article:modified_time\" content=\"2026-04-13T14:17:37+00:00\" \/>\n<meta name=\"twitter:card\" content=\"summary_large_image\" \/>\n<meta name=\"twitter:label1\" content=\"Dur\u00e9e de lecture estim\u00e9e\" \/>\n\t<meta name=\"twitter:data1\" content=\"5 minutes\" \/>\n<script type=\"application\/ld+json\" class=\"yoast-schema-graph\">{\"@context\":\"https:\/\/schema.org\",\"@graph\":[{\"@type\":\"WebPage\",\"@id\":\"https:\/\/traildugrandgeneve.com\/index.php\/ultramontee\/\",\"url\":\"https:\/\/traildugrandgeneve.com\/index.php\/ultramontee\/\",\"name\":\"Ultra Mont\u00e9e du Trail du Grand Gen\u00e8ve - Trail du Grand Gen\u00e8ve\",\"isPartOf\":{\"@id\":\"https:\/\/traildugrandgeneve.com\/#website\"},\"datePublished\":\"2026-01-22T07:22:08+00:00\",\"dateModified\":\"2026-04-13T14:17:37+00:00\",\"breadcrumb\":{\"@id\":\"https:\/\/traildugrandgeneve.com\/index.php\/ultramontee\/#breadcrumb\"},\"inLanguage\":\"fr-FR\",\"potentialAction\":[{\"@type\":\"ReadAction\",\"target\":[\"https:\/\/traildugrandgeneve.com\/index.php\/ultramontee\/\"]}]},{\"@type\":\"BreadcrumbList\",\"@id\":\"https:\/\/traildugrandgeneve.com\/index.php\/ultramontee\/#breadcrumb\",\"itemListElement\":[{\"@type\":\"ListItem\",\"position\":1,\"name\":\"Accueil\",\"item\":\"https:\/\/traildugrandgeneve.com\/index.php\/home\/\"},{\"@type\":\"ListItem\",\"position\":2,\"name\":\"Ultra Mont\u00e9e du Trail du Grand Gen\u00e8ve\"}]},{\"@type\":\"WebSite\",\"@id\":\"https:\/\/traildugrandgeneve.com\/#website\",\"url\":\"https:\/\/traildugrandgeneve.com\/\",\"name\":\"Trail du Grand Gen\u00e8ve\",\"description\":\"\",\"publisher\":{\"@id\":\"https:\/\/traildugrandgeneve.com\/#organization\"},\"potentialAction\":[{\"@type\":\"SearchAction\",\"target\":{\"@type\":\"EntryPoint\",\"urlTemplate\":\"https:\/\/traildugrandgeneve.com\/?s={search_term_string}\"},\"query-input\":{\"@type\":\"PropertyValueSpecification\",\"valueRequired\":true,\"valueName\":\"search_term_string\"}}],\"inLanguage\":\"fr-FR\"},{\"@type\":\"Organization\",\"@id\":\"https:\/\/traildugrandgeneve.com\/#organization\",\"name\":\"Trail du Grand Gen\u00e8ve\",\"url\":\"https:\/\/traildugrandgeneve.com\/\",\"logo\":{\"@type\":\"ImageObject\",\"inLanguage\":\"fr-FR\",\"@id\":\"https:\/\/traildugrandgeneve.com\/#\/schema\/logo\/image\/\",\"url\":\"https:\/\/traildugrandgeneve.com\/wp-content\/uploads\/2025\/03\/Frame-1.png\",\"contentUrl\":\"https:\/\/traildugrandgeneve.com\/wp-content\/uploads\/2025\/03\/Frame-1.png\",\"width\":320,\"height\":154,\"caption\":\"Trail du Grand Gen\u00e8ve\"},\"image\":{\"@id\":\"https:\/\/traildugrandgeneve.com\/#\/schema\/logo\/image\/\"}}]}<\/script>\n<!-- \/ Yoast SEO plugin. -->","yoast_head_json":{"title":"Ultra Mont\u00e9e du Trail du Grand Gen\u00e8ve - Trail du Grand Gen\u00e8ve","robots":{"index":"index","follow":"follow","max-snippet":"max-snippet:-1","max-image-preview":"max-image-preview:large","max-video-preview":"max-video-preview:-1"},"canonical":"https:\/\/traildugrandgeneve.com\/index.php\/ultramontee\/","og_locale":"fr_FR","og_type":"article","og_title":"Ultra Mont\u00e9e du Trail du Grand Gen\u00e8ve - Trail du Grand Gen\u00e8ve","og_description":"This is a Page excerpt. It will be displayed for search results","og_url":"https:\/\/traildugrandgeneve.com\/index.php\/ultramontee\/","og_site_name":"Trail du Grand Gen\u00e8ve","article_modified_time":"2026-04-13T14:17:37+00:00","twitter_card":"summary_large_image","twitter_misc":{"Dur\u00e9e de lecture estim\u00e9e":"5 minutes"},"schema":{"@context":"https:\/\/schema.org","@graph":[{"@type":"WebPage","@id":"https:\/\/traildugrandgeneve.com\/index.php\/ultramontee\/","url":"https:\/\/traildugrandgeneve.com\/index.php\/ultramontee\/","name":"Ultra Mont\u00e9e du Trail du Grand Gen\u00e8ve - Trail du Grand Gen\u00e8ve","isPartOf":{"@id":"https:\/\/traildugrandgeneve.com\/#website"},"datePublished":"2026-01-22T07:22:08+00:00","dateModified":"2026-04-13T14:17:37+00:00","breadcrumb":{"@id":"https:\/\/traildugrandgeneve.com\/index.php\/ultramontee\/#breadcrumb"},"inLanguage":"fr-FR","potentialAction":[{"@type":"ReadAction","target":["https:\/\/traildugrandgeneve.com\/index.php\/ultramontee\/"]}]},{"@type":"BreadcrumbList","@id":"https:\/\/traildugrandgeneve.com\/index.php\/ultramontee\/#breadcrumb","itemListElement":[{"@type":"ListItem","position":1,"name":"Accueil","item":"https:\/\/traildugrandgeneve.com\/index.php\/home\/"},{"@type":"ListItem","position":2,"name":"Ultra Mont\u00e9e du Trail du Grand Gen\u00e8ve"}]},{"@type":"WebSite","@id":"https:\/\/traildugrandgeneve.com\/#website","url":"https:\/\/traildugrandgeneve.com\/","name":"Trail du Grand Gen\u00e8ve","description":"","publisher":{"@id":"https:\/\/traildugrandgeneve.com\/#organization"},"potentialAction":[{"@type":"SearchAction","target":{"@type":"EntryPoint","urlTemplate":"https:\/\/traildugrandgeneve.com\/?s={search_term_string}"},"query-input":{"@type":"PropertyValueSpecification","valueRequired":true,"valueName":"search_term_string"}}],"inLanguage":"fr-FR"},{"@type":"Organization","@id":"https:\/\/traildugrandgeneve.com\/#organization","name":"Trail du Grand Gen\u00e8ve","url":"https:\/\/traildugrandgeneve.com\/","logo":{"@type":"ImageObject","inLanguage":"fr-FR","@id":"https:\/\/traildugrandgeneve.com\/#\/schema\/logo\/image\/","url":"https:\/\/traildugrandgeneve.com\/wp-content\/uploads\/2025\/03\/Frame-1.png","contentUrl":"https:\/\/traildugrandgeneve.com\/wp-content\/uploads\/2025\/03\/Frame-1.png","width":320,"height":154,"caption":"Trail du Grand Gen\u00e8ve"},"image":{"@id":"https:\/\/traildugrandgeneve.com\/#\/schema\/logo\/image\/"}}]}},"_links":{"self":[{"href":"https:\/\/traildugrandgeneve.com\/index.php\/wp-json\/wp\/v2\/pages\/4022","targetHints":{"allow":["GET"]}}],"collection":[{"href":"https:\/\/traildugrandgeneve.com\/index.php\/wp-json\/wp\/v2\/pages"}],"about":[{"href":"https:\/\/traildugrandgeneve.com\/index.php\/wp-json\/wp\/v2\/types\/page"}],"author":[{"embeddable":true,"href":"https:\/\/traildugrandgeneve.com\/index.php\/wp-json\/wp\/v2\/users\/1"}],"replies":[{"embeddable":true,"href":"https:\/\/traildugrandgeneve.com\/index.php\/wp-json\/wp\/v2\/comments?post=4022"}],"version-history":[{"count":14,"href":"https:\/\/traildugrandgeneve.com\/index.php\/wp-json\/wp\/v2\/pages\/4022\/revisions"}],"predecessor-version":[{"id":4077,"href":"https:\/\/traildugrandgeneve.com\/index.php\/wp-json\/wp\/v2\/pages\/4022\/revisions\/4077"}],"wp:attachment":[{"href":"https:\/\/traildugrandgeneve.com\/index.php\/wp-json\/wp\/v2\/media?parent=4022"}],"curies":[{"name":"wp","href":"https:\/\/api.w.org\/{rel}","templated":true}]}}